
{"id":34,"date":"2021-07-21T11:20:44","date_gmt":"2021-07-21T09:20:44","guid":{"rendered":"https:\/\/przedszkole95.edu.wroclaw.pl\/?page_id=34"},"modified":"2025-10-21T13:48:10","modified_gmt":"2025-10-21T11:48:10","slug":"kontakt","status":"publish","type":"page","link":"https:\/\/przedszkole95.edu.wroclaw.pl\/index.php\/kontakt\/","title":{"rendered":"Kontakt"},"content":{"rendered":"<div class=\"wpb-content-wrapper\"><p>[vc_row][vc_column width=&#8221;1\/2&#8243;][vc_raw_html]JTIwJTIwJTIwJTIwJTNDbGluayUyMHJlbCUzRCUyMnN0eWxlc2hlZXQlMjIlMjBocmVmJTNEJTIyaHR0cHMlM0ElMkYlMkZ1bnBrZy5jb20lMkZsZWFmbGV0JTQwMS43LjElMkZkaXN0JTJGbGVhZmxldC5jc3MlMjIlMjBpbnRlZ3JpdHklM0QlMjJzaGE1MTIteG9kWkJOVEM1bjE3WHQyYXRUUHVFMUh4alZNU3ZMVlc5b2NxVUtMc0NDNUNYZGJxQ21ibEFzaE9NQVM2JTJGa2VxcSUyRnNNWk1aMTlzY1I0UHNaQ2hTUjdBJTNEJTNEJTIyJTIwY3Jvc3NvcmlnaW4lM0QlMjIlMjIlMkYlM0UlMEElMjAlMjAlMjAlMjAlM0NzY3JpcHQlMjBzcmMlM0QlMjJodHRwcyUzQSUyRiUyRnVucGtnLmNvbSUyRmxlYWZsZXQlNDAxLjcuMSUyRmRpc3QlMkZsZWFmbGV0LmpzJTIyJTIwaW50ZWdyaXR5JTNEJTIyc2hhNTEyLVhRb1lNcU1USzhMdmR4WFlHM25aNDQ4aE9FUWlnbGZxa0pzMU5PUVY0NGNXblVyQmM4UGtBT2NYeTIwdzB2bGFYYVZVZWFySU9CaGlYWjVWM3lueHdBJTNEJTNEJTIyJTIwY3Jvc3NvcmlnaW4lM0QlMjIlMjIlM0UlM0MlMkZzY3JpcHQlM0UlMEElMEElMEElMDklM0NzdHlsZSUzRSUwQSUwOSUwOWh0bWwlMkMlMjBib2R5JTIwJTdCJTBBJTA5JTA5JTA5aGVpZ2h0JTNBJTIwMTAwJTI1JTNCJTBBJTA5JTA5JTA5bWFyZ2luJTNBJTIwMCUzQiUwQSUwOSUwOSU3RCUwQSUwOSUwOSUyM21hcCUyMCU3QiUwQSUwOSUwOSUwOXdpZHRoJTNBJTIwNjAwcHglM0IlMEElMDklMDklMDloZWlnaHQlM0ElMjA0MDBweCUzQiUyMCUyMCUyMCUyMCUzQ2xpbmslMjByZWwlM0QlMjJzdHlsZXNoZWV0JTIyJTIwaHJlZiUzRCUyMmh0dHBzJTNBJTJGJTJGdW5wa2cuY29tJTJGbGVhZmxldCU0MDEuNy4xJTJGZGlzdCUyRmxlYWZsZXQuY3NzJTIyJTIwJTIwY3Jvc3NvcmlnaW4lM0QlMjIlMjIlMkYlM0UlMEElMjAlMjAlMjAlMjAlM0NzY3JpcHQlMjBzcmMlM0QlMjJodHRwcyUzQSUyRiUyRnVucGtnLmNvbSUyRmxlYWZsZXQlNDAxLjcuMSUyRmRpc3QlMkZsZWFmbGV0LmpzJTIyJTIwJTIwY3Jvc3NvcmlnaW4lM0QlMjIlMjIlM0UlM0MlMkZzY3JpcHQlM0UlMEElMEElMEElMDklM0NzdHlsZSUzRSUwQSUwOSUwOWh0bWwlMkMlMjBib2R5JTIwJTdCJTBBJTA5JTA5JTA5aGVpZ2h0JTNBJTIwMTAwJTI1JTNCJTBBJTA5JTA5JTA5bWFyZ2luJTNBJTIwMCUzQiUwQSUwOSUwOSU3RCUwQSUwOSUwOSUyM21hcCUyMCU3QiUwQSUwOSUwOSUwOXdpZHRoJTNBJTIwNDcwcHglM0IlMEElMDklMDklMDloZWlnaHQlM0ElMjA1MDBweCUzQiUwQSUwOSUwOSU3RCUwQSUwOSUzQyUyRnN0eWxlJTNFJTBBJTBBJTBBJTBBJTNDZGl2JTIwaWQlM0QlMjdtYXAlMjclM0UlM0MlMkZkaXYlM0UlMEElMEElM0NzY3JpcHQlM0UlMEF2YXIlMjBtYXAlMjAlM0QlMjBMLm1hcCUyOCUyN21hcCUyNyUyOS5zZXRWaWV3JTI4JTVCNTEuMDk5NTU0NjUzMDUzNzclMkMlMjAxNy4wMTE0MzY2Mzc1Mzg2MzMlNUQlMkMlMjAxNiUyOSUzQiUwQSUyRiUyRm1hcC5yZW1vdmVDb250cm9sJTI4bWFwLnpvb21Db250cm9sJTI5JTNCJTBBTC50aWxlTGF5ZXIlMjglMjdodHRwcyUzQSUyRiUyRiU3QnMlN0QudGlsZS5vcGVuc3RyZWV0bWFwLm9yZyUyRiU3QnolN0QlMkYlN0J4JTdEJTJGJTdCeSU3RC5wbmclMjclMkMlMjAlN0IlMEElMjAlMjAlMjAlMjBhdHRyaWJ1dGlvbiUzQSUyMCUyNyUyNmNvcHklM0IlMjAlM0NhJTIwaHJlZiUzRCUyMmh0dHBzJTNBJTJGJTJGd3d3Lm9wZW5zdHJlZXRtYXAub3JnJTJGY29weXJpZ2h0JTIyJTIwdGl0bGUlM0QlMjJLbGlrbmklQzQlOTljaWUlMjBMUE0lMjBsdWIlMjBwcnp5JTIwcG9tb2N5JTIwRW50ZXJhJTIwb3R3b3J6eSUyMG5vdyVDNCU4NSUyMGthcnQlQzQlOTklMjB3JTIwcHJ6ZWdsJUM0JTg1ZGFyY2UlMjIlMjB0YXJnZXQlM0QlMjJfYmxhbmslMjIlMjByZWwlM0QlMjJub29wZW5lciUyMiUzRU9wZW5TdHJlZXRNYXAlM0MlMkZhJTNFJTIwd3NwJUMzJUIzJUM1JTgydHclQzMlQjNyY3klMjclMEElN0QlMjkuYWRkVG8lMjhtYXAlMjklM0IlMEElMEFMLm1hcmtlciUyOCU1QjUxLjA5OTU1NDY1MzA1Mzc3JTJDJTIwMTcuMDExNDM2NjM3NTM4NjMzJTVEJTI5LmFkZFRvJTI4bWFwJTI5JTBBJTA5LmJpbmRQb3B1cCUyOCUyN1ByemVkc3prb2xlJTIwbnIlMjA5NSUyNyUyOSUwQSUyMCUyMCUyMCUyMC5vcGVuUG9wdXAlMjglMjklM0IlMEElMEF2YXIlMjBsZWElM0Rkb2N1bWVudC5xdWVyeVNlbGVjdG9yQWxsJTI4JTIyLmxlYWZsZXQtY29udHJvbC1hdHRyaWJ1dGlvbiUyMCUzRSUyMGElM0FudGgtY2hpbGQlMjgxJTI5JTIyJTI5JTNCJTBBbGVhJTVCMCU1RC5sYW5nJTIwJTNEJTIwJTIyZW4tR0IlMjIlM0IlMEElMEF2YXIlMjBtYXBhem9vbWluJTNEZG9jdW1lbnQucXVlcnlTZWxlY3RvckFsbCUyOCUyMi5sZWFmbGV0LWNvbnRyb2wtem9vbS1pbiUyMiUyOSUzQiUwQW1hcGF6b29taW4lNUIwJTVELnRpdGxlJTIwJTNEJTIwJTIyUG93aSVDNCU5OWtzeiUyMiUzQiUwQXZhciUyMG1hcGF6b29tb3V0JTNEZG9jdW1lbnQucXVlcnlTZWxlY3RvckFsbCUyOCUyMi5sZWFmbGV0LWNvbnRyb2wtem9vbS1vdXQlMjIlMjklM0IlMEFtYXBhem9vbW91dCU1QjAlNUQudGl0bGUlMjAlM0QlMjAlMjJQb21uaWVqc3olMjIlM0IlMEElM0MlMkZzY3JpcHQlM0UlMEElMDklMDklMEElMEE=[\/vc_raw_html][\/vc_column][vc_column width=&#8221;1\/2&#8243;][vc_column_text css=&#8221;&#8221;]Przedszkole nr 95<br \/>\nul. Lwowska 30a<br \/>\n53-516 Wroc\u0142aw<\/p>\n<p>tel: 71 798 68 25 wew. 113 \u0142\u0105czy z p. intendent<\/p>\n<p>wew. 100 \u2013 referent<\/p>\n<p>e-mail: sekretariat.p095@wroclawskaedukacja.pl<\/p>\n<p>Informujemy o mo\u017cliwo\u015bci kontaktu z plac\u00f3wk\u0105 przy u\u017cyciu elektronicznej Platformy Us\u0142ug Administracji Publicznej (ePUAP)[\/vc_column_text][\/vc_column][\/vc_row]<\/p>\n<\/div>","protected":false},"excerpt":{"rendered":"<p>[vc_row][vc_column width=&#8221;1\/2&#8243;][vc_raw_html]JTIwJTIwJTIwJTIwJTNDbGluayUyMHJlbCUzRCUyMnN0eWxlc2hlZXQlMjIlMjBocmVmJTNEJTIyaHR0cHMlM0ElMkYlMkZ1bnBrZy5jb20lMkZsZWFmbGV0JTQwMS43LjElMkZkaXN0JTJGbGVhZmxldC5jc3MlMjIlMjBpbnRlZ3JpdHklM0QlMjJzaGE1MTIteG9kWkJOVEM1bjE3WHQyYXRUUHVFMUh4alZNU3ZMVlc5b2NxVUtMc0NDNUNYZGJxQ21ibEFzaE9NQVM2JTJGa2VxcSUyRnNNWk1aMTlzY1I0UHNaQ2hTUjdBJTNEJTNEJTIyJTIwY3Jvc3NvcmlnaW4lM0QlMjIlMjIlMkYlM0UlMEElMjAlMjAlMjAlMjAlM0NzY3JpcHQlMjBzcmMlM0QlMjJodHRwcyUzQSUyRiUyRnVucGtnLmNvbSUyRmxlYWZsZXQlNDAxLjcuMSUyRmRpc3QlMkZsZWFmbGV0LmpzJTIyJTIwaW50ZWdyaXR5JTNEJTIyc2hhNTEyLVhRb1lNcU1USzhMdmR4WFlHM25aNDQ4aE9FUWlnbGZxa0pzMU5PUVY0NGNXblVyQmM4UGtBT2NYeTIwdzB2bGFYYVZVZWFySU9CaGlYWjVWM3lueHdBJTNEJTNEJTIyJTIwY3Jvc3NvcmlnaW4lM0QlMjIlMjIlM0UlM0MlMkZzY3JpcHQlM0UlMEElMEElMEElMDklM0NzdHlsZSUzRSUwQSUwOSUwOWh0bWwlMkMlMjBib2R5JTIwJTdCJTBBJTA5JTA5JTA5aGVpZ2h0JTNBJTIwMTAwJTI1JTNCJTBBJTA5JTA5JTA5bWFyZ2luJTNBJTIwMCUzQiUwQSUwOSUwOSU3RCUwQSUwOSUwOSUyM21hcCUyMCU3QiUwQSUwOSUwOSUwOXdpZHRoJTNBJTIwNjAwcHglM0IlMEElMDklMDklMDloZWlnaHQlM0ElMjA0MDBweCUzQiUyMCUyMCUyMCUyMCUzQ2xpbmslMjByZWwlM0QlMjJzdHlsZXNoZWV0JTIyJTIwaHJlZiUzRCUyMmh0dHBzJTNBJTJGJTJGdW5wa2cuY29tJTJGbGVhZmxldCU0MDEuNy4xJTJGZGlzdCUyRmxlYWZsZXQuY3NzJTIyJTIwJTIwY3Jvc3NvcmlnaW4lM0QlMjIlMjIlMkYlM0UlMEElMjAlMjAlMjAlMjAlM0NzY3JpcHQlMjBzcmMlM0QlMjJodHRwcyUzQSUyRiUyRnVucGtnLmNvbSUyRmxlYWZsZXQlNDAxLjcuMSUyRmRpc3QlMkZsZWFmbGV0LmpzJTIyJTIwJTIwY3Jvc3NvcmlnaW4lM0QlMjIlMjIlM0UlM0MlMkZzY3JpcHQlM0UlMEElMEElMEElMDklM0NzdHlsZSUzRSUwQSUwOSUwOWh0bWwlMkMlMjBib2R5JTIwJTdCJTBBJTA5JTA5JTA5aGVpZ2h0JTNBJTIwMTAwJTI1JTNCJTBBJTA5JTA5JTA5bWFyZ2luJTNBJTIwMCUzQiUwQSUwOSUwOSU3RCUwQSUwOSUwOSUyM21hcCUyMCU3QiUwQSUwOSUwOSUwOXdpZHRoJTNBJTIwNDcwcHglM0IlMEElMDklMDklMDloZWlnaHQlM0ElMjA1MDBweCUzQiUwQSUwOSUwOSU3RCUwQSUwOSUzQyUyRnN0eWxlJTNFJTBBJTBBJTBBJTBBJTNDZGl2JTIwaWQlM0QlMjdtYXAlMjclM0UlM0MlMkZkaXYlM0UlMEElMEElM0NzY3JpcHQlM0UlMEF2YXIlMjBtYXAlMjAlM0QlMjBMLm1hcCUyOCUyN21hcCUyNyUyOS5zZXRWaWV3JTI4JTVCNTEuMDk5NTU0NjUzMDUzNzclMkMlMjAxNy4wMTE0MzY2Mzc1Mzg2MzMlNUQlMkMlMjAxNiUyOSUzQiUwQSUyRiUyRm1hcC5yZW1vdmVDb250cm9sJTI4bWFwLnpvb21Db250cm9sJTI5JTNCJTBBTC50aWxlTGF5ZXIlMjglMjdodHRwcyUzQSUyRiUyRiU3QnMlN0QudGlsZS5vcGVuc3RyZWV0bWFwLm9yZyUyRiU3QnolN0QlMkYlN0J4JTdEJTJGJTdCeSU3RC5wbmclMjclMkMlMjAlN0IlMEElMjAlMjAlMjAlMjBhdHRyaWJ1dGlvbiUzQSUyMCUyNyUyNmNvcHklM0IlMjAlM0NhJTIwaHJlZiUzRCUyMmh0dHBzJTNBJTJGJTJGd3d3Lm9wZW5zdHJlZXRtYXAub3JnJTJGY29weXJpZ2h0JTIyJTIwdGl0bGUlM0QlMjJLbGlrbmklQzQlOTljaWUlMjBMUE0lMjBsdWIlMjBwcnp5JTIwcG9tb2N5JTIwRW50ZXJhJTIwb3R3b3J6eSUyMG5vdyVDNCU4NSUyMGthcnQlQzQlOTklMjB3JTIwcHJ6ZWdsJUM0JTg1ZGFyY2UlMjIlMjB0YXJnZXQlM0QlMjJfYmxhbmslMjIlMjByZWwlM0QlMjJub29wZW5lciUyMiUzRU9wZW5TdHJlZXRNYXAlM0MlMkZhJTNFJTIwd3NwJUMzJUIzJUM1JTgydHclQzMlQjNyY3klMjclMEElN0QlMjkuYWRkVG8lMjhtYXAlMjklM0IlMEElMEFMLm1hcmtlciUyOCU1QjUxLjA5OTU1NDY1MzA1Mzc3JTJDJTIwMTcuMDExNDM2NjM3NTM4NjMzJTVEJTI5LmFkZFRvJTI4bWFwJTI5JTBBJTA5LmJpbmRQb3B1cCUyOCUyN1ByemVkc3prb2xlJTIwbnIlMjA5NSUyNyUyOSUwQSUyMCUyMCUyMCUyMC5vcGVuUG9wdXAlMjglMjklM0IlMEElMEF2YXIlMjBsZWElM0Rkb2N1bWVudC5xdWVyeVNlbGVjdG9yQWxsJTI4JTIyLmxlYWZsZXQtY29udHJvbC1hdHRyaWJ1dGlvbiUyMCUzRSUyMGElM0FudGgtY2hpbGQlMjgxJTI5JTIyJTI5JTNCJTBBbGVhJTVCMCU1RC5sYW5nJTIwJTNEJTIwJTIyZW4tR0IlMjIlM0IlMEElMEF2YXIlMjBtYXBhem9vbWluJTNEZG9jdW1lbnQucXVlcnlTZWxlY3RvckFsbCUyOCUyMi5sZWFmbGV0LWNvbnRyb2wtem9vbS1pbiUyMiUyOSUzQiUwQW1hcGF6b29taW4lNUIwJTVELnRpdGxlJTIwJTNEJTIwJTIyUG93aSVDNCU5OWtzeiUyMiUzQiUwQXZhciUyMG1hcGF6b29tb3V0JTNEZG9jdW1lbnQucXVlcnlTZWxlY3RvckFsbCUyOCUyMi5sZWFmbGV0LWNvbnRyb2wtem9vbS1vdXQlMjIlMjklM0IlMEFtYXBhem9vbW91dCU1QjAlNUQudGl0bGUlMjAlM0QlMjAlMjJQb21uaWVqc3olMjIlM0IlMEElM0MlMkZzY3JpcHQlM0UlMEElMDklMDklMEElMEE=[\/vc_raw_html][\/vc_column][vc_column width=&#8221;1\/2&#8243;][vc_column_text css=&#8221;&#8221;]Przedszkole nr 95 ul. Lwowska 30a 53-516 Wroc\u0142aw tel: 71 798 68 25 wew. 113 \u0142\u0105czy z p. intendent wew. 100 \u2013 referent e-mail: sekretariat.p095@wroclawskaedukacja.pl Informujemy o [&hellip;]<\/p>\n","protected":false},"author":15,"featured_media":0,"parent":0,"menu_order":0,"comment_status":"closed","ping_status":"closed","template":"","meta":{"ngg_post_thumbnail":0,"footnotes":""},"class_list":["post-34","page","type-page","status-publish","hentry","clearfix"],"_links":{"self":[{"href":"https:\/\/przedszkole95.edu.wroclaw.pl\/index.php\/wp-json\/wp\/v2\/pages\/34","targetHints":{"allow":["GET"]}}],"collection":[{"href":"https:\/\/przedszkole95.edu.wroclaw.pl\/index.php\/wp-json\/wp\/v2\/pages"}],"about":[{"href":"https:\/\/przedszkole95.edu.wroclaw.pl\/index.php\/wp-json\/wp\/v2\/types\/page"}],"author":[{"embeddable":true,"href":"https:\/\/przedszkole95.edu.wroclaw.pl\/index.php\/wp-json\/wp\/v2\/users\/15"}],"replies":[{"embeddable":true,"href":"https:\/\/przedszkole95.edu.wroclaw.pl\/index.php\/wp-json\/wp\/v2\/comments?post=34"}],"version-history":[{"count":8,"href":"https:\/\/przedszkole95.edu.wroclaw.pl\/index.php\/wp-json\/wp\/v2\/pages\/34\/revisions"}],"predecessor-version":[{"id":1444,"href":"https:\/\/przedszkole95.edu.wroclaw.pl\/index.php\/wp-json\/wp\/v2\/pages\/34\/revisions\/1444"}],"wp:attachment":[{"href":"https:\/\/przedszkole95.edu.wroclaw.pl\/index.php\/wp-json\/wp\/v2\/media?parent=34"}],"curies":[{"name":"wp","href":"https:\/\/api.w.org\/{rel}","templated":true}]}}