
{"id":46,"date":"2021-07-21T11:36:01","date_gmt":"2021-07-21T09:36:01","guid":{"rendered":"https:\/\/przedszkole95.edu.wroclaw.pl\/?page_id=46"},"modified":"2025-11-21T10:49:16","modified_gmt":"2025-11-21T09:49:16","slug":"aktualnosci","status":"publish","type":"page","link":"https:\/\/przedszkole95.edu.wroclaw.pl\/index.php\/aktualnosci\/","title":{"rendered":"Aktualno\u015bci"},"content":{"rendered":"<div class=\"wpb-content-wrapper\"><p>[vc_row][vc_column][vc_basic_grid post_type=&#8221;post&#8221; max_items=&#8221;100&#8243; element_width=&#8221;3&#8243; grid_id=&#8221;vc_gid:1763718492834-203f0ac3-ae22-10&#8243;][\/vc_column][vc_column][vc_single_image image=&#8221;1463&#8243; css=&#8221;&#8221; title=&#8221;DZIE\u0143 \u017bYCZLIWO\u015aCI&#8221;][\/vc_column][\/vc_row]<\/p>\n<\/div>","protected":false},"excerpt":{"rendered":"<p>[vc_row][vc_column][vc_basic_grid post_type=&#8221;post&#8221; max_items=&#8221;100&#8243; element_width=&#8221;3&#8243; grid_id=&#8221;vc_gid:1763718492834-203f0ac3-ae22-10&#8243;][\/vc_column][vc_column][vc_single_image image=&#8221;1463&#8243; css=&#8221;&#8221; title=&#8221;DZIE\u0143 \u017bYCZLIWO\u015aCI&#8221;][\/vc_column][\/vc_row]<\/p>\n","protected":false},"author":15,"featured_media":0,"parent":0,"menu_order":0,"comment_status":"closed","ping_status":"closed","template":"","meta":{"ngg_post_thumbnail":0,"footnotes":""},"class_list":["post-46","page","type-page","status-publish","hentry","clearfix"],"_links":{"self":[{"href":"https:\/\/przedszkole95.edu.wroclaw.pl\/index.php\/wp-json\/wp\/v2\/pages\/46","targetHints":{"allow":["GET"]}}],"collection":[{"href":"https:\/\/przedszkole95.edu.wroclaw.pl\/index.php\/wp-json\/wp\/v2\/pages"}],"about":[{"href":"https:\/\/przedszkole95.edu.wroclaw.pl\/index.php\/wp-json\/wp\/v2\/types\/page"}],"author":[{"embeddable":true,"href":"https:\/\/przedszkole95.edu.wroclaw.pl\/index.php\/wp-json\/wp\/v2\/users\/15"}],"replies":[{"embeddable":true,"href":"https:\/\/przedszkole95.edu.wroclaw.pl\/index.php\/wp-json\/wp\/v2\/comments?post=46"}],"version-history":[{"count":6,"href":"https:\/\/przedszkole95.edu.wroclaw.pl\/index.php\/wp-json\/wp\/v2\/pages\/46\/revisions"}],"predecessor-version":[{"id":1468,"href":"https:\/\/przedszkole95.edu.wroclaw.pl\/index.php\/wp-json\/wp\/v2\/pages\/46\/revisions\/1468"}],"wp:attachment":[{"href":"https:\/\/przedszkole95.edu.wroclaw.pl\/index.php\/wp-json\/wp\/v2\/media?parent=46"}],"curies":[{"name":"wp","href":"https:\/\/api.w.org\/{rel}","templated":true}]}}