
{"id":488,"date":"2022-11-14T06:59:10","date_gmt":"2022-11-14T05:59:10","guid":{"rendered":"https:\/\/przedszkole95.edu.wroclaw.pl\/?page_id=488"},"modified":"2022-11-14T06:59:10","modified_gmt":"2022-11-14T05:59:10","slug":"rada-rodzicow","status":"publish","type":"page","link":"https:\/\/przedszkole95.edu.wroclaw.pl\/index.php\/rada-rodzicow\/","title":{"rendered":"Rada Rodzic\u00f3w"},"content":{"rendered":"<div class=\"wpb-content-wrapper\"><p>[vc_row][vc_column width=&#8221;1\/2&#8243;][vc_row_inner][vc_column_inner][vc_column_text]Przedstawiciele Rady Rodzic\u00f3w:[\/vc_column_text][\/vc_column_inner][\/vc_row_inner][vc_column_text]<\/p>\n<ul>\n<li><strong>Przewodnicz\u0105cy RR<\/strong> &#8211; pan Krzysztof<\/li>\n<li><strong>Zast\u0119pca RR<\/strong> &#8211; pani Ania<\/li>\n<li><strong>Skarbnik RR<\/strong> &#8211; pani Dominika<\/li>\n<\/ul>\n<p>[\/vc_column_text][\/vc_column][vc_column width=&#8221;1\/2&#8243;][vc_row_inner][vc_column_inner][vc_column_text]Dane do dobrowolnych sk\u0142adek na Rad\u0119 Rodzic\u00f3w:[\/vc_column_text][\/vc_column_inner][\/vc_row_inner][vc_column_text]Numer konta Rady Rodzic\u00f3w: 34 1090 2529 0000 0001 4709 5131<\/p>\n<p>Kwota sk\u0142adki: 35 z\u0142otych\/miesi\u0119cznie (bez miesi\u0119cy wakacyjnych)<\/p>\n<p>Tytu\u0142em: imi\u0119 i nazwisko dziecka, grupa.<\/p>\n<p>&nbsp;<\/p>\n<p>[\/vc_column_text][\/vc_column][\/vc_row][vc_row][vc_column width=&#8221;1\/2&#8243;][vc_row_inner][vc_column_inner][vc_column_text]Kontakt do Rady Rodzic\u00f3w:[\/vc_column_text][\/vc_column_inner][\/vc_row_inner][vc_column_text]Adres e-mailowy: <b><a id=\"LPlnk877852\" href=\"mailto:Przedszkolnewiesci@gmail.com\" target=\"_blank\" rel=\"noopener noreferrer\" data-auth=\"NotApplicable\" data-safelink=\"true\" data-linkindex=\"0\">przedszkolnewiesci@gmail.com<\/a><\/b>[\/vc_column_text][\/vc_column][vc_column width=&#8221;1\/2&#8243;][\/vc_column][\/vc_row]<\/p>\n<\/div>","protected":false},"excerpt":{"rendered":"<p>[vc_row][vc_column width=&#8221;1\/2&#8243;][vc_row_inner][vc_column_inner][vc_column_text]Przedstawiciele Rady Rodzic\u00f3w:[\/vc_column_text][\/vc_column_inner][\/vc_row_inner][vc_column_text] Przewodnicz\u0105cy RR &#8211; pan Krzysztof Zast\u0119pca RR &#8211; pani Ania Skarbnik RR &#8211; pani Dominika [\/vc_column_text][\/vc_column][vc_column width=&#8221;1\/2&#8243;][vc_row_inner][vc_column_inner][vc_column_text]Dane do dobrowolnych sk\u0142adek na Rad\u0119 Rodzic\u00f3w:[\/vc_column_text][\/vc_column_inner][\/vc_row_inner][vc_column_text]Numer konta Rady Rodzic\u00f3w: [&hellip;]<\/p>\n","protected":false},"author":235,"featured_media":0,"parent":0,"menu_order":0,"comment_status":"closed","ping_status":"closed","template":"","meta":{"ngg_post_thumbnail":0,"footnotes":""},"class_list":["post-488","page","type-page","status-publish","hentry","clearfix"],"_links":{"self":[{"href":"https:\/\/przedszkole95.edu.wroclaw.pl\/index.php\/wp-json\/wp\/v2\/pages\/488","targetHints":{"allow":["GET"]}}],"collection":[{"href":"https:\/\/przedszkole95.edu.wroclaw.pl\/index.php\/wp-json\/wp\/v2\/pages"}],"about":[{"href":"https:\/\/przedszkole95.edu.wroclaw.pl\/index.php\/wp-json\/wp\/v2\/types\/page"}],"author":[{"embeddable":true,"href":"https:\/\/przedszkole95.edu.wroclaw.pl\/index.php\/wp-json\/wp\/v2\/users\/235"}],"replies":[{"embeddable":true,"href":"https:\/\/przedszkole95.edu.wroclaw.pl\/index.php\/wp-json\/wp\/v2\/comments?post=488"}],"version-history":[{"count":3,"href":"https:\/\/przedszkole95.edu.wroclaw.pl\/index.php\/wp-json\/wp\/v2\/pages\/488\/revisions"}],"predecessor-version":[{"id":1142,"href":"https:\/\/przedszkole95.edu.wroclaw.pl\/index.php\/wp-json\/wp\/v2\/pages\/488\/revisions\/1142"}],"wp:attachment":[{"href":"https:\/\/przedszkole95.edu.wroclaw.pl\/index.php\/wp-json\/wp\/v2\/media?parent=488"}],"curies":[{"name":"wp","href":"https:\/\/api.w.org\/{rel}","templated":true}]}}