
{"id":51,"date":"2021-07-21T11:38:53","date_gmt":"2021-07-21T09:38:53","guid":{"rendered":"https:\/\/przedszkole95.edu.wroclaw.pl\/?page_id=51"},"modified":"2025-09-12T11:24:47","modified_gmt":"2025-09-12T09:24:47","slug":"grupy","status":"publish","type":"page","link":"https:\/\/przedszkole95.edu.wroclaw.pl\/index.php\/grupy\/","title":{"rendered":"Grupy"},"content":{"rendered":"<div class=\"wpb-content-wrapper\"><p>[vc_row][vc_column width=&#8221;1\/4&#8243;][vc_column_text css=&#8221;&#8221;]<img loading=\"lazy\" decoding=\"async\" class=\"pswp__img\" src=\"https:\/\/zabawki-nino.pl\/wp-content\/uploads\/2023\/09\/malowanie-po-numerach-18x24-TYGRYSEK.jpg\" alt=\"malowanie po numerach dla dzieci 18x24 TYGRYSEK, zabawki Nino Bochnia, obraz do malowania na p\u0142\u00f3tnie tygrysek, obraz do pokoju dziecka z tygryskiem, malowanie po numerach dla ma\u0142ych dzieci\" width=\"157\" height=\"157\" \/>[\/vc_column_text][vc_column_text css=&#8221;&#8221;]<\/p>\n<h2>TYGRYSKI<\/h2>\n<p>[\/vc_column_text][vc_column_text css=&#8221;&#8221;]Nauczyciele:<\/p>\n<p>mgr Gra\u017cyna Tyjon-Bednarz<\/p>\n<p>mgr El\u017cbieta Borowiec<br \/>\nPomoc nauczyciela: Magdalena Wolniak<br \/>\nWo\u017ana: Maria Lusa[\/vc_column_text][\/vc_column][vc_column width=&#8221;1\/4&#8243;][vc_column_text css=&#8221;&#8221;]<img loading=\"lazy\" decoding=\"async\" class=\"wp-image-1228 alignnone\" src=\"https:\/\/przedszkole95.edu.wroclaw.pl\/wp-content\/uploads\/sites\/62\/2024\/08\/LOGO-NA-NAKLEJKE-2-300x300.png\" alt=\"\" width=\"151\" height=\"151\" srcset=\"https:\/\/przedszkole95.edu.wroclaw.pl\/wp-content\/uploads\/sites\/62\/2024\/08\/LOGO-NA-NAKLEJKE-2-300x300.png 300w, https:\/\/przedszkole95.edu.wroclaw.pl\/wp-content\/uploads\/sites\/62\/2024\/08\/LOGO-NA-NAKLEJKE-2-150x150.png 150w, https:\/\/przedszkole95.edu.wroclaw.pl\/wp-content\/uploads\/sites\/62\/2024\/08\/LOGO-NA-NAKLEJKE-2.png 500w\" sizes=\"auto, (max-width: 151px) 100vw, 151px\" \/>[\/vc_column_text][vc_column_text css=&#8221;&#8221;]<\/p>\n<h2>STOKROTKI<\/h2>\n<p>[\/vc_column_text][vc_column_text css=&#8221;&#8221;]Nauczyciele:<br \/>\nmgr Dorota \u017begle\u0144<br \/>\nmgr Ewa Korolko-Gintowt<br \/>\nPomoc nauczyciela: Justyna Oszczygie\u0142<br \/>\nWo\u017ana: Katarzyna Smuga[\/vc_column_text][\/vc_column][vc_column width=&#8221;1\/4&#8243;][vc_column_text]<img loading=\"lazy\" decoding=\"async\" class=\"alignnone wp-image-918 size-thumbnail\" src=\"https:\/\/przedszkole95.edu.wroclaw.pl\/wp-content\/uploads\/sites\/62\/2023\/08\/rybka-znaczek-150x150.png\" alt=\"\" width=\"150\" height=\"150\" srcset=\"https:\/\/przedszkole95.edu.wroclaw.pl\/wp-content\/uploads\/sites\/62\/2023\/08\/rybka-znaczek-150x150.png 150w, https:\/\/przedszkole95.edu.wroclaw.pl\/wp-content\/uploads\/sites\/62\/2023\/08\/rybka-znaczek-300x300.png 300w, https:\/\/przedszkole95.edu.wroclaw.pl\/wp-content\/uploads\/sites\/62\/2023\/08\/rybka-znaczek.png 500w\" sizes=\"auto, (max-width: 150px) 100vw, 150px\" \/>[\/vc_column_text][vc_column_text]<\/p>\n<h2>RYBKI<\/h2>\n<p>[\/vc_column_text][vc_column_text css=&#8221;&#8221;]Nauczyciele:<br \/>\nmgr Marta Ku\u015bnierkiewicz<br \/>\nmgr Amelia Maksymiak<br \/>\nPomoc nauczyciela: Renata Jakubczyk<br \/>\nWo\u017ana: Diana Kuzmenko[\/vc_column_text][\/vc_column][vc_column width=&#8221;1\/4&#8243;][vc_column_text]<img loading=\"lazy\" decoding=\"async\" class=\"alignnone wp-image-368\" src=\"https:\/\/przedszkole95.edu.wroclaw.pl\/wp-content\/uploads\/sites\/62\/2022\/08\/cat-g02a891cc9_1280-150x150.png\" alt=\"\" width=\"132\" height=\"131\" srcset=\"https:\/\/przedszkole95.edu.wroclaw.pl\/wp-content\/uploads\/sites\/62\/2022\/08\/cat-g02a891cc9_1280-150x150.png 150w, https:\/\/przedszkole95.edu.wroclaw.pl\/wp-content\/uploads\/sites\/62\/2022\/08\/cat-g02a891cc9_1280-300x297.png 300w, https:\/\/przedszkole95.edu.wroclaw.pl\/wp-content\/uploads\/sites\/62\/2022\/08\/cat-g02a891cc9_1280-1024x1014.png 1024w, https:\/\/przedszkole95.edu.wroclaw.pl\/wp-content\/uploads\/sites\/62\/2022\/08\/cat-g02a891cc9_1280-768x760.png 768w, https:\/\/przedszkole95.edu.wroclaw.pl\/wp-content\/uploads\/sites\/62\/2022\/08\/cat-g02a891cc9_1280-600x594.png 600w, https:\/\/przedszkole95.edu.wroclaw.pl\/wp-content\/uploads\/sites\/62\/2022\/08\/cat-g02a891cc9_1280.png 1280w\" sizes=\"auto, (max-width: 132px) 100vw, 132px\" \/>[\/vc_column_text][vc_column_text]<\/p>\n<h2>KOTKI<\/h2>\n<p>[\/vc_column_text][vc_column_text css=&#8221;&#8221;]Nauczyciele:<br \/>\nmgr Natalia Szymk\u00f3w<br \/>\nmgr Viktoriya Boyko<br \/>\nWo\u017ana: Ma\u0142gorzata Ryngwelska[\/vc_column_text][\/vc_column][vc_column][\/vc_column][\/vc_row]<\/p>\n<\/div>","protected":false},"excerpt":{"rendered":"<p>[vc_row][vc_column width=&#8221;1\/4&#8243;][vc_column_text css=&#8221;&#8221;][\/vc_column_text][vc_column_text css=&#8221;&#8221;] TYGRYSKI [\/vc_column_text][vc_column_text css=&#8221;&#8221;]Nauczyciele: mgr Gra\u017cyna Tyjon-Bednarz mgr El\u017cbieta Borowiec Pomoc nauczyciela: Magdalena Wolniak Wo\u017ana: Maria Lusa[\/vc_column_text][\/vc_column][vc_column width=&#8221;1\/4&#8243;][vc_column_text css=&#8221;&#8221;][\/vc_column_text][vc_column_text css=&#8221;&#8221;] STOKROTKI [\/vc_column_text][vc_column_text css=&#8221;&#8221;]Nauczyciele: mgr Dorota \u017begle\u0144 mgr [&hellip;]<\/p>\n","protected":false},"author":15,"featured_media":0,"parent":0,"menu_order":0,"comment_status":"closed","ping_status":"closed","template":"","meta":{"ngg_post_thumbnail":0,"footnotes":""},"class_list":["post-51","page","type-page","status-publish","hentry","clearfix"],"_links":{"self":[{"href":"https:\/\/przedszkole95.edu.wroclaw.pl\/index.php\/wp-json\/wp\/v2\/pages\/51","targetHints":{"allow":["GET"]}}],"collection":[{"href":"https:\/\/przedszkole95.edu.wroclaw.pl\/index.php\/wp-json\/wp\/v2\/pages"}],"about":[{"href":"https:\/\/przedszkole95.edu.wroclaw.pl\/index.php\/wp-json\/wp\/v2\/types\/page"}],"author":[{"embeddable":true,"href":"https:\/\/przedszkole95.edu.wroclaw.pl\/index.php\/wp-json\/wp\/v2\/users\/15"}],"replies":[{"embeddable":true,"href":"https:\/\/przedszkole95.edu.wroclaw.pl\/index.php\/wp-json\/wp\/v2\/comments?post=51"}],"version-history":[{"count":32,"href":"https:\/\/przedszkole95.edu.wroclaw.pl\/index.php\/wp-json\/wp\/v2\/pages\/51\/revisions"}],"predecessor-version":[{"id":1411,"href":"https:\/\/przedszkole95.edu.wroclaw.pl\/index.php\/wp-json\/wp\/v2\/pages\/51\/revisions\/1411"}],"wp:attachment":[{"href":"https:\/\/przedszkole95.edu.wroclaw.pl\/index.php\/wp-json\/wp\/v2\/media?parent=51"}],"curies":[{"name":"wp","href":"https:\/\/api.w.org\/{rel}","templated":true}]}}