
{"id":537,"date":"2023-01-18T08:10:18","date_gmt":"2023-01-18T07:10:18","guid":{"rendered":"https:\/\/przedszkole95.edu.wroclaw.pl\/?page_id=537"},"modified":"2025-10-21T10:14:52","modified_gmt":"2025-10-21T08:14:52","slug":"oplaty","status":"publish","type":"page","link":"https:\/\/przedszkole95.edu.wroclaw.pl\/index.php\/oplaty\/","title":{"rendered":"Op\u0142aty"},"content":{"rendered":"<div class=\"wpb-content-wrapper\"><p>[vc_row][vc_column][vc_single_image image=&#8221;1438&#8243; img_size=&#8221;large&#8221; alignment=&#8221;center&#8221; css=&#8221;&#8221;][vc_column_text]<a href=\"https:\/\/przedszkole95.edu.wroclaw.pl\/wp-content\/uploads\/sites\/62\/2023\/09\/Uchwala-zm.pdf\" target=\"_blank\" rel=\"noopener\">Uchwa\u0142a nr LXIX\/1791\/23 Rady Miejskiej Wroc\u0142awia z dnia 22 czerwca 2023 r.<\/a><\/p>\n<p>Wi\u0119cej informacji wkr\u00f3tce.[\/vc_column_text][\/vc_column][\/vc_row]<\/p>\n<\/div>","protected":false},"excerpt":{"rendered":"<p>[vc_row][vc_column][vc_single_image image=&#8221;1438&#8243; img_size=&#8221;large&#8221; alignment=&#8221;center&#8221; css=&#8221;&#8221;][vc_column_text]Uchwa\u0142a nr LXIX\/1791\/23 Rady Miejskiej Wroc\u0142awia z dnia 22 czerwca 2023 r. Wi\u0119cej informacji wkr\u00f3tce.[\/vc_column_text][\/vc_column][\/vc_row]<\/p>\n","protected":false},"author":235,"featured_media":0,"parent":0,"menu_order":0,"comment_status":"closed","ping_status":"closed","template":"","meta":{"ngg_post_thumbnail":0,"footnotes":""},"class_list":["post-537","page","type-page","status-publish","hentry","clearfix"],"_links":{"self":[{"href":"https:\/\/przedszkole95.edu.wroclaw.pl\/index.php\/wp-json\/wp\/v2\/pages\/537","targetHints":{"allow":["GET"]}}],"collection":[{"href":"https:\/\/przedszkole95.edu.wroclaw.pl\/index.php\/wp-json\/wp\/v2\/pages"}],"about":[{"href":"https:\/\/przedszkole95.edu.wroclaw.pl\/index.php\/wp-json\/wp\/v2\/types\/page"}],"author":[{"embeddable":true,"href":"https:\/\/przedszkole95.edu.wroclaw.pl\/index.php\/wp-json\/wp\/v2\/users\/235"}],"replies":[{"embeddable":true,"href":"https:\/\/przedszkole95.edu.wroclaw.pl\/index.php\/wp-json\/wp\/v2\/comments?post=537"}],"version-history":[{"count":6,"href":"https:\/\/przedszkole95.edu.wroclaw.pl\/index.php\/wp-json\/wp\/v2\/pages\/537\/revisions"}],"predecessor-version":[{"id":1440,"href":"https:\/\/przedszkole95.edu.wroclaw.pl\/index.php\/wp-json\/wp\/v2\/pages\/537\/revisions\/1440"}],"wp:attachment":[{"href":"https:\/\/przedszkole95.edu.wroclaw.pl\/index.php\/wp-json\/wp\/v2\/media?parent=537"}],"curies":[{"name":"wp","href":"https:\/\/api.w.org\/{rel}","templated":true}]}}