
{"id":78,"date":"2021-07-28T08:35:11","date_gmt":"2021-07-28T06:35:11","guid":{"rendered":"https:\/\/przedszkole95.edu.wroclaw.pl\/?page_id=78"},"modified":"2025-09-12T11:43:20","modified_gmt":"2025-09-12T09:43:20","slug":"zajecia-dodatkowe-2","status":"publish","type":"page","link":"https:\/\/przedszkole95.edu.wroclaw.pl\/index.php\/zajecia-dodatkowe-2\/","title":{"rendered":"Zaj\u0119cia dodatkowe"},"content":{"rendered":"<div class=\"wpb-content-wrapper\"><p>[vc_row][vc_column][vc_column_text css=&#8221;&#8221;]<\/p>\n<ul>\n<li>J\u0118ZYK ANGIELSKI &#8211; nauka j\u0119zyka angielskiego w zakresie podstaw dla pocz\u0105tkuj\u0105cych i dla dzieci kontynuuj\u0105cych kurs. Zaj\u0119cia w formie gier i zabaw j\u0119zykowych.<\/li>\n<li>LOGOTERAPIA &#8211; \u0107wiczenia grupowe w zakresie profilaktyki i prawid\u0142owej wymowy. \u0106wiczenia indywidualne usprawniaj\u0105ce narz\u0105dy mowy, aparat oddechowy. \u0106wiczenia s\u0142uchu fonematycznego.<\/li>\n<li>RELIGIA &#8211; zaj\u0119cia przybli\u017caj\u0105ce dzieciom tre\u015bci religijne (prowadzone w formie zabaw przez nauczyciela katechet\u0119).<\/li>\n<li>ZAJ\u0118CIA SPORTOWE &#8222;Mali Wspaniali&#8221; &#8211; zaj\u0119cia og\u00f3lnorozwojowe z elementami sztuk walki kszta\u0142tuj\u0105ce nawyki zwi\u0105zane ze zdrowym trybem \u017cycia poprzez zach\u0119canie dzieci do aktywno\u015bci sportowej (\u0107wiczenia og\u00f3lnorozwojowe, zabawy ruchowe, nauka dyscypliny, elementy karate i techniki samoobrony).<\/li>\n<li>ZAJ\u0118CIA Z PSYCHOLOGIEM &#8211; zaj\u0119cia indywidualne z dzie\u0107mi, rodzicami oraz nauczycielami maj\u0105ce na celu wspomaganie w rozwi\u0105zywaniu problem\u00f3w wychowawczych oraz w harmonijnym rozwoju emocjonalno-spo\u0142ecznym dzieci.<\/li>\n<\/ul>\n<p>Zgodnie z \u017cyczeniem rodzic\u00f3w nasze przedszkole umo\u017cliwi\u0142o przeprowadzenie na terenie plac\u00f3wki zaj\u0119\u0107 dodatkowych wybranych i finansowanych przez rodzic\u00f3w, a prowadzonych przez instruktor\u00f3w z zewn\u0105trz . W ramach tych zaj\u0119\u0107 dzieci mog\u0105 uczestniczy\u0107 w zaj\u0119ciach tanecznych, plastycznych oraz sportowych (karate).<\/p>\n<p>&nbsp;<\/p>\n<p>&nbsp;<\/p>\n<p class=\"x_MsoNormal\">W zwi\u0105zku z pojawiaj\u0105cymi si\u0119 pytaniami dotycz\u0105cymi zaj\u0119\u0107 dodatkowych (odp\u0142atnych) w stron\u0119 personelu przedszkola, chcia\u0142yby\u015bmy przypomnie\u0107, \u017ce\u00a0przedszkole wy\u0142\u0105cznie wynajmuje zewn\u0119trznym firmom sal\u0119\u00a0do prowadzenia zaj\u0119\u0107.<\/p>\n<p class=\"x_MsoNormal\">Bardzo prosimy o kierowanie pyta\u0144 oraz w\u0105tpliwo\u015bci do odpowiednich os\u00f3b, poni\u017cej dane do kontaktu:<\/p>\n<ul>\n<li class=\"x_MsoNormal\">Zaj\u0119cia taneczne, pan Bartek, kontakt tel. 533 485 504, kontakt e-mailowy: zapisy.bbds@gmail.com<\/li>\n<li class=\"x_MsoNormal\">Zaj\u0119cia sportowe (Karate Kyokushin), pan Karol Rosa, kontakt tel. 694980628, kontakt e-mailowy: maja.kijass@gmail.com<\/li>\n<li class=\"x_MsoNormal\">Zaj\u0119cia plastyczne, pani Aneta, kontakt tel. 609 610 667<\/li>\n<li>Zaj\u0119cia z j. angielskiego (Kokosowa Wyspa) kontakt tel. 669 604 202, kontakt e-mailowy: info@kokosowa-wyspa.pl<\/li>\n<\/ul>\n<p class=\"x_MsoNormal\">Przypominamy r\u00f3wnie\u017c, \u017ce zapisuj\u0105c dzieci na zaj\u0119cia dodatkowe (odp\u0142atne) zobowi\u0105zuj\u0105 si\u0119 Pa\u0144stwo do odbioru dziecka niezw\u0142ocznie po zako\u0144czeniu zaj\u0119\u0107. Instruktor odbiera dziecko z przedszkola i od momentu rozpocz\u0119cia zaj\u0119\u0107 dzieci s\u0105\u00a0\u00a0pod opiek\u0105 os\u00f3b prowadz\u0105cych zaj\u0119cia dodatkowe (odp\u0142atne) i\u00a0to te osoby ponosz\u0105 odpowiedzialno\u015b\u0107 za bezpiecze\u0144stwo dzieci.<\/p>\n<p>&nbsp;<\/p>\n<p>&nbsp;<\/p>\n<p>Informacje o ofercie zaj\u0119\u0107 dodatkowych:[\/vc_column_text][\/vc_column][\/vc_row][vc_row][vc_column width=&#8221;1\/2&#8243;][vc_single_image image=&#8221;932&#8243; img_size=&#8221;large&#8221;][vc_single_image image=&#8221;933&#8243; img_size=&#8221;large&#8221;][vc_single_image img_size=&#8221;large&#8221; css=&#8221;&#8221;][\/vc_column][vc_column width=&#8221;1\/2&#8243;][vc_single_image image=&#8221;931&#8243; img_size=&#8221;large&#8221; alignment=&#8221;right&#8221;][vc_single_image image=&#8221;944&#8243; img_size=&#8221;large&#8221;][vc_single_image image=&#8221;961&#8243; img_size=&#8221;large&#8221;][vc_single_image image=&#8221;960&#8243; img_size=&#8221;large&#8221;][\/vc_column][\/vc_row]<\/p>\n<\/div>","protected":false},"excerpt":{"rendered":"<p>[vc_row][vc_column][vc_column_text css=&#8221;&#8221;] J\u0118ZYK ANGIELSKI &#8211; nauka j\u0119zyka angielskiego w zakresie podstaw dla pocz\u0105tkuj\u0105cych i dla dzieci kontynuuj\u0105cych kurs. Zaj\u0119cia w formie gier i zabaw j\u0119zykowych. LOGOTERAPIA &#8211; \u0107wiczenia grupowe w [&hellip;]<\/p>\n","protected":false},"author":15,"featured_media":0,"parent":0,"menu_order":0,"comment_status":"closed","ping_status":"closed","template":"","meta":{"ngg_post_thumbnail":0,"footnotes":""},"class_list":["post-78","page","type-page","status-publish","hentry","clearfix"],"_links":{"self":[{"href":"https:\/\/przedszkole95.edu.wroclaw.pl\/index.php\/wp-json\/wp\/v2\/pages\/78","targetHints":{"allow":["GET"]}}],"collection":[{"href":"https:\/\/przedszkole95.edu.wroclaw.pl\/index.php\/wp-json\/wp\/v2\/pages"}],"about":[{"href":"https:\/\/przedszkole95.edu.wroclaw.pl\/index.php\/wp-json\/wp\/v2\/types\/page"}],"author":[{"embeddable":true,"href":"https:\/\/przedszkole95.edu.wroclaw.pl\/index.php\/wp-json\/wp\/v2\/users\/15"}],"replies":[{"embeddable":true,"href":"https:\/\/przedszkole95.edu.wroclaw.pl\/index.php\/wp-json\/wp\/v2\/comments?post=78"}],"version-history":[{"count":30,"href":"https:\/\/przedszkole95.edu.wroclaw.pl\/index.php\/wp-json\/wp\/v2\/pages\/78\/revisions"}],"predecessor-version":[{"id":1416,"href":"https:\/\/przedszkole95.edu.wroclaw.pl\/index.php\/wp-json\/wp\/v2\/pages\/78\/revisions\/1416"}],"wp:attachment":[{"href":"https:\/\/przedszkole95.edu.wroclaw.pl\/index.php\/wp-json\/wp\/v2\/media?parent=78"}],"curies":[{"name":"wp","href":"https:\/\/api.w.org\/{rel}","templated":true}]}}